{"id":253,"date":"2025-02-25T17:36:36","date_gmt":"2025-02-25T16:36:36","guid":{"rendered":"https:\/\/pb.edu.pl\/across\/?page_id=253"},"modified":"2025-03-18T11:15:30","modified_gmt":"2025-03-18T10:15:30","slug":"bloki-zadaniowe-dzialania","status":"publish","type":"page","link":"https:\/\/pb.edu.pl\/across\/bloki-zadaniowe-dzialania\/","title":{"rendered":"Bloki zadaniowe &#038; Dzia\u0142ania"},"content":{"rendered":"<p><strong>WP1 &#8211; Zarz\u0105dzanie i koordynacja w ramach sojuszu Across<\/strong><br \/>\n1.1. Zarz\u0105dzanie sojuszem transgranicznym<br \/>\n1.2. Ramy prawne sojuszu transgranicznego<br \/>\n1.3. Transgraniczne \u015bcie\u017cki kariery dla student\u00f3w i pracownik\u00f3w<br \/>\n1.4. W\u0142\u0105czenie, p\u0142e\u0107, r\u00f3wno\u015b\u0107 i r\u00f3\u017cnorodno\u015b\u0107<br \/>\n\u200b<br \/>\n<strong>WP2 &#8211; Edukacja bez granic w ramach sojuszu Across<\/strong><br \/>\n2.1. System kampusu transgranicznego<br \/>\n2.2. Transgraniczna innowacyjna oferta edukacyjna<br \/>\n2.3. Transgraniczne do\u015bwiadczenie edukacyjne &#8211; mobilno\u015b\u0107 ponad granicami i sektorami<br \/>\n2.4. Transgraniczna Akademia Kszta\u0142cenia Nauczycieli<\/p>\n<p><strong>WP3 &#8211; Badania i innowacje bez granic w ramach sojuszu Across<\/strong><br \/>\n3.1. Transgraniczny program bada\u0144 i innowacji<br \/>\n3.2. Transgraniczna sie\u0107 bada\u0144 i innowacji<br \/>\n3.3. Uczelnie wy\u017csze Across<br \/>\n3.4.Centra zaanga\u017cowania transgranicznego: Challenge Teams, Across Incubator Hub, Across Business Gateway<\/p>\n<p><strong>WP4 &#8211; Wp\u0142yw i rozpowszechnianie bez granic w ramach sojuszu Across<\/strong><br \/>\n4.1. Transgraniczna komunikacja wewn\u0119trzna i zewn\u0119trzna<br \/>\n4.2. Transgraniczna wsp\u00f3\u0142praca mi\u0119dzy sojuszami<br \/>\n4.3. Transgraniczny Think Tank na temat innowacyjnych region\u00f3w przygranicznych<br \/>\n4.4. Jednostka wsparcia projektu Across  <\/p>\n<p>&nbsp;<\/p>\n<p><img loading=\"lazy\" decoding=\"async\" class=\"aligncenter wp-image-645\" src=\"https:\/\/pb.edu.pl\/across\/wp-content\/uploads\/sites\/147\/2025\/03\/PL-Dofinansowane-przez-UE-POS.jpg\" alt=\"Dofinansowane przez Uni\u0119 Europejsk\u0105 POS\" width=\"600\" height=\"121\" srcset=\"https:\/\/pb.edu.pl\/across\/wp-content\/uploads\/sites\/147\/2025\/03\/PL-Dofinansowane-przez-UE-POS.jpg 1400w, https:\/\/pb.edu.pl\/across\/wp-content\/uploads\/sites\/147\/2025\/03\/PL-Dofinansowane-przez-UE-POS-300x61.jpg 300w, https:\/\/pb.edu.pl\/across\/wp-content\/uploads\/sites\/147\/2025\/03\/PL-Dofinansowane-przez-UE-POS-1024x207.jpg 1024w, https:\/\/pb.edu.pl\/across\/wp-content\/uploads\/sites\/147\/2025\/03\/PL-Dofinansowane-przez-UE-POS-768x155.jpg 768w\" sizes=\"auto, (max-width: 600px) 100vw, 600px\" \/><\/p>\n","protected":false},"excerpt":{"rendered":"<p>WP1 &#8211; Zarz\u0105dzanie i koordynacja w ramach sojuszu Across 1.1. Zarz\u0105dzanie sojuszem transgranicznym 1.2. Ramy prawne sojuszu transgranicznego 1.3. Transgraniczne \u015bcie\u017cki kariery dla student\u00f3w i pracownik\u00f3w 1.4. W\u0142\u0105czenie, p\u0142e\u0107, r\u00f3wno\u015b\u0107 i r\u00f3\u017cnorodno\u015b\u0107 \u200b WP2 &#8211; Edukacja bez granic w ramach sojuszu Across 2.1. System kampusu transgranicznego 2.2. Transgraniczna innowacyjna oferta edukacyjna 2.3. Transgraniczne do\u015bwiadczenie edukacyjne [&hellip;]<\/p>\n","protected":false},"author":2,"featured_media":0,"parent":0,"menu_order":2,"comment_status":"closed","ping_status":"closed","template":"","meta":{"_acf_changed":false,"ngg_post_thumbnail":0,"footnotes":""},"class_list":["post-253","page","type-page","status-publish","hentry"],"acf":[],"_links":{"self":[{"href":"https:\/\/pb.edu.pl\/across\/wp-json\/wp\/v2\/pages\/253","targetHints":{"allow":["GET"]}}],"collection":[{"href":"https:\/\/pb.edu.pl\/across\/wp-json\/wp\/v2\/pages"}],"about":[{"href":"https:\/\/pb.edu.pl\/across\/wp-json\/wp\/v2\/types\/page"}],"author":[{"embeddable":true,"href":"https:\/\/pb.edu.pl\/across\/wp-json\/wp\/v2\/users\/2"}],"replies":[{"embeddable":true,"href":"https:\/\/pb.edu.pl\/across\/wp-json\/wp\/v2\/comments?post=253"}],"version-history":[{"count":0,"href":"https:\/\/pb.edu.pl\/across\/wp-json\/wp\/v2\/pages\/253\/revisions"}],"wp:attachment":[{"href":"https:\/\/pb.edu.pl\/across\/wp-json\/wp\/v2\/media?parent=253"}],"curies":[{"name":"wp","href":"https:\/\/api.w.org\/{rel}","templated":true}]}}