{"id":250,"date":"2025-02-25T17:35:21","date_gmt":"2025-02-25T16:35:21","guid":{"rendered":"https:\/\/pb.edu.pl\/across\/?page_id=250"},"modified":"2026-02-25T16:04:04","modified_gmt":"2026-02-25T15:04:04","slug":"o-projekcie","status":"publish","type":"page","link":"https:\/\/pb.edu.pl\/across\/o-projekcie\/","title":{"rendered":"O projekcie"},"content":{"rendered":"<p><strong>Tytu\u0142 projektu:<\/strong> European University for Cross-Border Knowledge Sharing<\/p>\n<p><strong>Skr\u00f3cona nazwa projektu:<\/strong> Across<\/p>\n<p><strong>Wysoko\u015b\u0107 przyznanego dofinansowania:<\/strong> 14 399 999 EUR <\/p>\n<p><strong>Data rozpocz\u0119cia projektu:<\/strong> 1 stycznia 2025 r.<\/p>\n<p><strong>Data zako\u0144czenia projektu:<\/strong> 31 grudnia 2028 r.<\/p>\n<p><strong>Uniwersytet Europejski Across<\/strong> w ramach projektu d\u0105\u017cy do transformacji edukacji i sektora bada\u0144 w regionach transgranicznych w celu stworzenia silniejszych region\u00f3w europejskich, koncentruj\u0105c dzia\u0142ania w czterech obszarach:<\/p>\n<ol>\n<li>Edukacja w obszarach transgranicznych (SDGs 4, 5 ,10)<\/li>\n<li>Kultura, to\u017csamo\u015b\u0107, dziedzictwo (SDGs 11, 16)<\/li>\n<li>Ekonomiczny i spo\u0142eczny rozw\u00f3j (SDGs 8, 9, 11)<\/li>\n<li>Zarz\u0105dzanie zasobami naturalnymi (SDGs 4, 7, 13, 14, 15)<\/li>\n<\/ol>\n<p>W ramach Across, kt\u00f3rego cz\u0119\u015bci\u0105 jest <a href=\"https:\/\/pb.edu.pl\/\" title=\"Wydarzenia\">Politechnika Bia\u0142ostocka<\/a>, opracowywana jest d\u0142ugoterminowa strategia w obszarze kszta\u0142cenia oraz promocji europejskich warto\u015bci. Celem jej jest zwi\u0119kszenie mobilno\u015bci student\u00f3w, kadry akademickiej i \u015brodowiska naukowego, a tak\u017ce wspieranie jako\u015bci, integracji oraz konkurencyjno\u015bci europejskiego szkolnictwa wy\u017cszego. <\/p>\n<p>Across zrzesza 10 europejskich uniwersytet\u00f3w, 9 pe\u0142noprawnych partner\u00f3w z Banja Luki, Bia\u0142egostoku, Chemnitz, Craiovej, Girony, Novej Goricy, Perpignan, Udine i Ruse oraz partnera stowarzyszonego ze Lwowa. Nasza sie\u0107 obejmuje ma\u0142e i \u015brednie uniwersytety zlokalizowane w \u015bredniej wielko\u015bci miastach w obszarach przygranicznych. <\/p>\n<p><strong>Instytucje partnerskie:<\/strong><\/p>\n<ul>\n<li><a href=\"https:\/\/www.tu-chemnitz.de\/index.html.en\">Chemnitz University of Technology<\/a> (lider sojuszu), Niemcy<\/li>\n<li><a href=\"https:\/\/www.unibl.org\/en\">University of Banja Luka<\/a>, Bo\u015bnia i Hercegowina<\/li>\n<li><a href=\"https:\/\/www.uni-ruse.bg\/en\">Angel Kanchev University of Ruse<\/a>, Bu\u0142garia<\/li>\n<li><a href=\"https:\/\/www.univ-perp.fr\/en\">University of Perpignan Via Domitia<\/a>, Francja<\/li>\n<li><a href=\"https:\/\/www.udg.edu\/en\/\">University of Girona<\/a>, Hiszpania<\/li>\n<li><a href=\"https:\/\/pb.edu.pl\/en\/\">Bialystok University of Technology<\/a>, Polska<\/li>\n<li><a href=\"https:\/\/www.ucv.ro\/en\/\">University of Craiova<\/a>, Rumunia<\/li>\n<li><a href=\"https:\/\/ung.si\/en\/\">University of Nova Gorica<\/a>, S\u0142owenia<\/li>\n<li><a href=\"https:\/\/www.uniud.it\/en\/uniud-international?set_language=en\">University of Udine<\/a>, W\u0142ochy<\/li>\n<\/ul>\n<p><strong>Instytucja stowarzyszona:<\/strong><\/p>\n<ul>\n<li><a href=\"https:\/\/lnu.edu.ua\/en\/\">The Ivan Franko National University of Lviv<\/a>, Ukraina<\/li>\n<\/ul>\n<p>&nbsp;<br \/>\nSerwis wwww Uniwersytetu Europejskiego Across &#8211; <a href=\"https:\/\/www.across-alliance.eu\/\">www.across-alliance.eu<\/a><br \/>\n&nbsp;<\/p>\n<hr>\n<p><strong>Project: 101177485 &#8211; Across &#8211; ERASMUS-EDU-2024-EUR-UNIV<\/strong><br \/>\n&nbsp;<\/p>\n<p><img loading=\"lazy\" decoding=\"async\" class=\"aligncenter wp-image-645\" src=\"https:\/\/pb.edu.pl\/across\/wp-content\/uploads\/sites\/147\/2025\/03\/PL-Dofinansowane-przez-UE-POS.jpg\" alt=\"Dofinansowane przez Uni\u0119 Europejsk\u0105 POS\" width=\"600\" height=\"121\" srcset=\"https:\/\/pb.edu.pl\/across\/wp-content\/uploads\/sites\/147\/2025\/03\/PL-Dofinansowane-przez-UE-POS.jpg 1400w, https:\/\/pb.edu.pl\/across\/wp-content\/uploads\/sites\/147\/2025\/03\/PL-Dofinansowane-przez-UE-POS-300x61.jpg 300w, https:\/\/pb.edu.pl\/across\/wp-content\/uploads\/sites\/147\/2025\/03\/PL-Dofinansowane-przez-UE-POS-1024x207.jpg 1024w, https:\/\/pb.edu.pl\/across\/wp-content\/uploads\/sites\/147\/2025\/03\/PL-Dofinansowane-przez-UE-POS-768x155.jpg 768w\" sizes=\"auto, (max-width: 600px) 100vw, 600px\" \/><\/p>\n","protected":false},"excerpt":{"rendered":"<p>Tytu\u0142 projektu: European University for Cross-Border Knowledge Sharing Skr\u00f3cona nazwa projektu: Across Wysoko\u015b\u0107 przyznanego dofinansowania: 14 399 999 EUR Data rozpocz\u0119cia projektu: 1 stycznia 2025 r. Data zako\u0144czenia projektu: 31 grudnia 2028 r. Uniwersytet Europejski Across w ramach projektu d\u0105\u017cy do transformacji edukacji i sektora bada\u0144 w regionach transgranicznych w celu stworzenia silniejszych region\u00f3w europejskich, [&hellip;]<\/p>\n","protected":false},"author":2,"featured_media":0,"parent":0,"menu_order":1,"comment_status":"closed","ping_status":"closed","template":"","meta":{"_acf_changed":false,"ngg_post_thumbnail":0,"footnotes":""},"class_list":["post-250","page","type-page","status-publish","hentry"],"acf":[],"_links":{"self":[{"href":"https:\/\/pb.edu.pl\/across\/wp-json\/wp\/v2\/pages\/250","targetHints":{"allow":["GET"]}}],"collection":[{"href":"https:\/\/pb.edu.pl\/across\/wp-json\/wp\/v2\/pages"}],"about":[{"href":"https:\/\/pb.edu.pl\/across\/wp-json\/wp\/v2\/types\/page"}],"author":[{"embeddable":true,"href":"https:\/\/pb.edu.pl\/across\/wp-json\/wp\/v2\/users\/2"}],"replies":[{"embeddable":true,"href":"https:\/\/pb.edu.pl\/across\/wp-json\/wp\/v2\/comments?post=250"}],"version-history":[{"count":1,"href":"https:\/\/pb.edu.pl\/across\/wp-json\/wp\/v2\/pages\/250\/revisions"}],"predecessor-version":[{"id":1307,"href":"https:\/\/pb.edu.pl\/across\/wp-json\/wp\/v2\/pages\/250\/revisions\/1307"}],"wp:attachment":[{"href":"https:\/\/pb.edu.pl\/across\/wp-json\/wp\/v2\/media?parent=250"}],"curies":[{"name":"wp","href":"https:\/\/api.w.org\/{rel}","templated":true}]}}