{"id":15,"date":"2021-09-02T20:42:40","date_gmt":"2021-09-02T18:42:40","guid":{"rendered":"https:\/\/pb.edu.pl\/across\/?page_id=15"},"modified":"2025-05-27T15:38:19","modified_gmt":"2025-05-27T13:38:19","slug":"home","status":"publish","type":"page","link":"https:\/\/pb.edu.pl\/across\/","title":{"rendered":"Home"},"content":{"rendered":"<div class=\"h1\"><a style=\"text-decoration: none;\" title=\"poka\u017c wszystkie Aktualno\u015bci\" href=\"\/across\/aktualnosci\/\">Aktualno\u015bci &gt;&gt;<\/a><\/div>\n\n  <div class=\"box news-box \">\n    <div class=\"row\">\n      \n      \n\n\n                    <div class=\"col-sm-3 mt-3 mb-5\">\n              \n<article class=\"format-standard\">\n    <span class=\"article-date\"><i class=\"fal fa-calendar-alt\"><\/i> 07-04-2026<\/span>\n    <a href=\"https:\/\/pb.edu.pl\/across\/wyjazd-studyjny-do-universitat-de-girona\/\">\n      <div class=\"article-image\">\n        <img loading=\"lazy\" decoding=\"async\" width=\"480\" height=\"300\" src=\"https:\/\/pb.edu.pl\/across\/wp-content\/uploads\/sites\/147\/2026\/04\/Wizyta-na-Universitat-de-Girona-Arch-prywatne-P-Rynkowski_mini-480x300.jpg\" class=\"img-fluid mb-4 wp-post-image\" alt=\"Uczestnicy wyjazdu Wizyta na Universitat de Girona\" srcset=\"https:\/\/pb.edu.pl\/across\/wp-content\/uploads\/sites\/147\/2026\/04\/Wizyta-na-Universitat-de-Girona-Arch-prywatne-P-Rynkowski_mini-480x300.jpg 480w, https:\/\/pb.edu.pl\/across\/wp-content\/uploads\/sites\/147\/2026\/04\/Wizyta-na-Universitat-de-Girona-Arch-prywatne-P-Rynkowski_mini-800x500.jpg 800w\" sizes=\"auto, (max-width: 480px) 100vw, 480px\" \/>      <\/div>\n      <div  class=\"article-title\">Wyjazd studyjny do Universitat de Girona<\/div>\n      <div class=\"article-excerpt\">W dniach 23-27 marca 2026 r. dr in\u017c. Piotr Rynkowski wraz z sze\u015bcioma studentami kierunku In\u017cynierii \u015arodowiska Politechniki Bia\u0142ostockiej uczestniczyli w wyje\u017adzie studyjnym do Universitat de Girona w Hiszpanii<\/div>\n    <\/a>\n<\/article>            <\/div>\n                      <div class=\"col-sm-3 mt-3 mb-5\">\n              \n<article class=\"format-standard\">\n    <span class=\"article-date\"><i class=\"fal fa-calendar-alt\"><\/i> 02-04-2026<\/span>\n    <a href=\"https:\/\/pb.edu.pl\/across\/dialog-uniwersytetow-europejskich-podczas-dni-rumunskich-w-politechnice-bialostockiej\/\">\n      <div class=\"article-image\">\n        <img loading=\"lazy\" decoding=\"async\" width=\"480\" height=\"300\" src=\"https:\/\/pb.edu.pl\/across\/wp-content\/uploads\/sites\/147\/2026\/04\/2026-03-26-Uczestnicy-wykladow-w-ramach-Dni-Rumunskich-na-Politechnice_Bialostockiej-fot-Iryna-Mikhno-PB-480x300-1-480x300.jpg\" class=\"img-fluid mb-4 wp-post-image\" alt=\"Uczestnik wyk\u0142ad\u00f3w w ramach Dni Rumu\u0144skich na Politechnice Bia\u0142ostockiej przed plakatem Across\" \/>      <\/div>\n      <div  class=\"article-title\">Dialog uniwersytet\u00f3w europejskich podczas Dni Rumu\u0144skich w Politechnice Bia\u0142ostockiej<\/div>\n      <div class=\"article-excerpt\">Dyplomacja, wsp\u00f3lna historia i nowoczesna edukacja spotka\u0142y si\u0119 w murach Politechniki Bia\u0142ostockiej podczas Dni Rumu\u0144skich (25\u201326 marca 2026 r.). Nasza uczelnia nie tylko celebrowa\u0142a relacje z partnerami z po\u0142udnia, ale sta\u0142a si\u0119 platform\u0105 wymiany unikalnych do\u015bwiadcze\u0144 mi\u0119dzy mi\u0119dzynarodowymi sojuszami: Across oraz NEOLAiA.<\/div>\n    <\/a>\n<\/article>            <\/div>\n                      <div class=\"col-sm-3 mt-3 mb-5\">\n              \n<article class=\"format-standard\">\n    <span class=\"article-date\"><i class=\"fal fa-calendar-alt\"><\/i> 02-04-2026<\/span>\n    <a href=\"https:\/\/pb.edu.pl\/across\/nabor-wnioskow-na-szkoly-letnie-across\/\">\n      <div class=\"article-image\">\n        <img loading=\"lazy\" decoding=\"async\" width=\"480\" height=\"300\" src=\"https:\/\/pb.edu.pl\/across\/wp-content\/uploads\/sites\/147\/2026\/04\/www-miniatury-Across-6-480x300.png\" class=\"img-fluid mb-4 wp-post-image\" alt=\"Grafika reklamuj\u0105ca og\u0142oszenie naboru na szko\u0142y letnie Across\" \/>      <\/div>\n      <div  class=\"article-title\">Nab\u00f3r wniosk\u00f3w na szko\u0142y letnie Across<\/div>\n      <div class=\"article-excerpt\">Uniwersytet Europejski Across og\u0142asza nab\u00f3r wniosk\u00f3w na organizacj\u0119 mi\u0119dzynarodowych szk\u00f3\u0142 letnich (Across Summer Schools), kt\u00f3re b\u0119d\u0105 realizowane w latach 2026\u20132028.<\/div>\n    <\/a>\n<\/article>            <\/div>\n                      <div class=\"col-sm-3 mt-3 mb-5\">\n              \n<article class=\"format-standard\">\n    <span class=\"article-date\"><i class=\"fal fa-calendar-alt\"><\/i> 01-04-2026<\/span>\n    <a href=\"https:\/\/pb.edu.pl\/across\/relacja-ze-stazu-dydaktyczno-naukowego-w-universitat-de-girona\/\">\n      <div class=\"article-image\">\n        <img loading=\"lazy\" decoding=\"async\" width=\"480\" height=\"300\" src=\"https:\/\/pb.edu.pl\/across\/wp-content\/uploads\/sites\/147\/2026\/04\/Staz-na-University-of-Girona-arch-pryw-F-Broniewicz-4-2048x1536-1-480x300.jpg\" class=\"img-fluid mb-4 wp-post-image\" alt=\"Budynek University of Girona widoczny na tle intensywnie pomara\u0144czowo\u2011r\u00f3\u017cowego nieba o zachodzie s\u0142o\u0144ca; przed budynkiem drzewa bez li\u015bci i kampusowa aleja\" srcset=\"https:\/\/pb.edu.pl\/across\/wp-content\/uploads\/sites\/147\/2026\/04\/Staz-na-University-of-Girona-arch-pryw-F-Broniewicz-4-2048x1536-1-480x300.jpg 480w, https:\/\/pb.edu.pl\/across\/wp-content\/uploads\/sites\/147\/2026\/04\/Staz-na-University-of-Girona-arch-pryw-F-Broniewicz-4-2048x1536-1-800x500.jpg 800w\" sizes=\"auto, (max-width: 480px) 100vw, 480px\" \/>      <\/div>\n      <div  class=\"article-title\">Relacja ze sta\u017cu dydaktyczno-naukowego w Universitat de Girona<\/div>\n      <div class=\"article-excerpt\">W dniach 2-23 marca 2026 r. dr in\u017c. Filip Broniewicz, pracownik Wydzia\u0142u Budownictwa i Nauk o \u015arodowisku Politechniki Bia\u0142ostockiej, odby\u0142 sta\u017c dydaktyczno-naukowy na Universitat de Girona (UdG) w ramach projektu NAWA \u201eACROSS \u2013 Transgraniczny Uniwersytet Europejski\u201d<\/div>\n    <\/a>\n<\/article>            <\/div>\n                    <\/div>\n          <\/div>\n\n&nbsp;<br \/>\n&nbsp;<\/p>\n<div class=\"h1\"><a style=\"text-decoration: none;\" title=\"poka\u017c wszystkie Wydarzenia\" href=\"\/across\/wydarzenia\/\">Wydarzenia &gt;&gt;<\/a><\/div>\n\n  <div class=\"box events-box \">\n    <div class=\"row\">\n      \n      \n\n\n                    <div class=\"col-sm-3\">\n              <article>\n    <div class=\"date\">\n        <span class=\"month\">czerwiec<\/span>\n        <span class=\"day\">09<\/span>\n    <\/div>\n    <h3><a href=\"https:\/\/pb.edu.pl\/across\/event\/3rd-international-young-researchers-conference-ideas-research-training-irt\/\">3rd International Young Researchers Conference: Ideas, Research, Training (IRT)<\/a><\/h3>\n<\/article>            <\/div>\n                    <div class=\"col-sm-3\">\n              <article>\n    <div class=\"date\">\n        <span class=\"month\">maj<\/span>\n        <span class=\"day\">25<\/span>\n    <\/div>\n    <h3><a href=\"https:\/\/pb.edu.pl\/across\/event\/xv-international-symposium-on-agricultural-sciences-agrores-2026\/\">XV International Symposium on Agricultural Sciences \u201cAgroReS 2026\u201d<\/a><\/h3>\n<\/article>            <\/div>\n                    <div class=\"col-sm-3\">\n              <article>\n    <div class=\"date\">\n        <span class=\"month\">maj<\/span>\n        <span class=\"day\">20<\/span>\n    <\/div>\n    <h3><a href=\"https:\/\/pb.edu.pl\/across\/event\/innobuild2026-w-politechnice-bialostockiej-miedzynarodowa-konferencja-innowacje-w-dekarbonizacji-budownictwa-i-systemach-energetycznych\/\">INNOBuild2026 w Politechnice Bia\u0142ostockiej. Mi\u0119dzynarodowa Konferencja INNOwacje w dekarbonizacji budownictwa i systemach energetycznych<\/a><\/h3>\n<\/article>            <\/div>\n                    <div class=\"col-sm-3\">\n              <article>\n    <div class=\"date\">\n        <span class=\"month\">maj<\/span>\n        <span class=\"day\">18<\/span>\n    <\/div>\n    <h3><a href=\"https:\/\/pb.edu.pl\/across\/event\/spotkanie-zespolu-across-t-2-3-mobility-across-borders-and-sectors\/\">Spotkanie zespo\u0142u Across T.2.3 \u201eMobility Across Borders and Sectors\u201d<\/a><\/h3>\n<\/article>            <\/div>\n                  <\/div>\n          <\/div>\n\n  \n\n<div class=\"row\">\n<div class=\"col-sm-12 text-center\"><a class=\"button text-center animated zoomIn lead font-500\" style=\"width: 60%;\" href=\"https:\/\/pb.edu.pl\/iros\/projekty-nawa\/wsparcie-uniwersytetow-europejskich\/\">NAWA &#8211; Wsparcie Uniwersytet\u00f3w Europejskich<\/a><\/div>\n<\/div>\n<p>&nbsp;<\/p>\n<p><img loading=\"lazy\" decoding=\"async\" class=\"aligncenter wp-image-645\" src=\"https:\/\/pb.edu.pl\/across\/wp-content\/uploads\/sites\/147\/2025\/03\/PL-Dofinansowane-przez-UE-POS.jpg\" alt=\"Dofinansowane przez Uni\u0119 Europejsk\u0105 POS\" width=\"600\" height=\"121\" srcset=\"https:\/\/pb.edu.pl\/across\/wp-content\/uploads\/sites\/147\/2025\/03\/PL-Dofinansowane-przez-UE-POS.jpg 1400w, https:\/\/pb.edu.pl\/across\/wp-content\/uploads\/sites\/147\/2025\/03\/PL-Dofinansowane-przez-UE-POS-300x61.jpg 300w, https:\/\/pb.edu.pl\/across\/wp-content\/uploads\/sites\/147\/2025\/03\/PL-Dofinansowane-przez-UE-POS-1024x207.jpg 1024w, https:\/\/pb.edu.pl\/across\/wp-content\/uploads\/sites\/147\/2025\/03\/PL-Dofinansowane-przez-UE-POS-768x155.jpg 768w\" sizes=\"auto, (max-width: 600px) 100vw, 600px\" \/><\/p>\n","protected":false},"excerpt":{"rendered":"<p>Aktualno\u015bci &gt;&gt; &nbsp; &nbsp; Wydarzenia &gt;&gt; NAWA &#8211; Wsparcie Uniwersytet\u00f3w Europejskich &nbsp;<\/p>\n","protected":false},"author":2,"featured_media":0,"parent":0,"menu_order":0,"comment_status":"closed","ping_status":"closed","template":"","meta":{"_acf_changed":false,"ngg_post_thumbnail":0,"footnotes":""},"class_list":["post-15","page","type-page","status-publish","hentry"],"acf":[],"_links":{"self":[{"href":"https:\/\/pb.edu.pl\/across\/wp-json\/wp\/v2\/pages\/15","targetHints":{"allow":["GET"]}}],"collection":[{"href":"https:\/\/pb.edu.pl\/across\/wp-json\/wp\/v2\/pages"}],"about":[{"href":"https:\/\/pb.edu.pl\/across\/wp-json\/wp\/v2\/types\/page"}],"author":[{"embeddable":true,"href":"https:\/\/pb.edu.pl\/across\/wp-json\/wp\/v2\/users\/2"}],"replies":[{"embeddable":true,"href":"https:\/\/pb.edu.pl\/across\/wp-json\/wp\/v2\/comments?post=15"}],"version-history":[{"count":0,"href":"https:\/\/pb.edu.pl\/across\/wp-json\/wp\/v2\/pages\/15\/revisions"}],"wp:attachment":[{"href":"https:\/\/pb.edu.pl\/across\/wp-json\/wp\/v2\/media?parent=15"}],"curies":[{"name":"wp","href":"https:\/\/api.w.org\/{rel}","templated":true}]}}