{"id":31,"date":"2019-01-31T19:54:18","date_gmt":"2019-01-31T18:54:18","guid":{"rendered":"https:\/\/pb.edu.pl\/7dekad\/?page_id=31"},"modified":"2019-06-12T08:39:33","modified_gmt":"2019-06-12T06:39:33","slug":"materialy-promocyjne","status":"publish","type":"page","link":"https:\/\/pb.edu.pl\/7dekad\/materialy-promocyjne\/","title":{"rendered":"Materia\u0142y promocyjne"},"content":{"rendered":"<h3>&nbsp;<a class=\"pdf\" title=\"Pobierz Ksi\u0119g\u0119 Znaku Jubileuszu 70-lecia Politechniki Bia\u0142ostockiej\" href=\"https:\/\/pb.edu.pl\/7dekad\/wp-content\/uploads\/sites\/28\/2019\/04\/Logo_Jubileuszu_PB-ksi\u0119ga_znaku-2019.pdf\" target=\"_blank\" rel=\"noopener\">Jubileusz 70-lecia Politechniki Bia\u0142ostockiej 2019 &#8211; Ksi\u0119ga znaku (1 MB)<\/a><\/h3>\n","protected":false},"excerpt":{"rendered":"<p>&nbsp;Jubileusz 70-lecia Politechniki Bia\u0142ostockiej 2019 &#8211; Ksi\u0119ga znaku (1 MB)<\/p>\n","protected":false},"author":2,"featured_media":0,"parent":0,"menu_order":3,"comment_status":"closed","ping_status":"closed","template":"","meta":{"_acf_changed":false,"ngg_post_thumbnail":0,"footnotes":""},"class_list":["post-31","page","type-page","status-publish","hentry"],"acf":[],"_links":{"self":[{"href":"https:\/\/pb.edu.pl\/7dekad\/wp-json\/wp\/v2\/pages\/31","targetHints":{"allow":["GET"]}}],"collection":[{"href":"https:\/\/pb.edu.pl\/7dekad\/wp-json\/wp\/v2\/pages"}],"about":[{"href":"https:\/\/pb.edu.pl\/7dekad\/wp-json\/wp\/v2\/types\/page"}],"author":[{"embeddable":true,"href":"https:\/\/pb.edu.pl\/7dekad\/wp-json\/wp\/v2\/users\/2"}],"replies":[{"embeddable":true,"href":"https:\/\/pb.edu.pl\/7dekad\/wp-json\/wp\/v2\/comments?post=31"}],"version-history":[{"count":0,"href":"https:\/\/pb.edu.pl\/7dekad\/wp-json\/wp\/v2\/pages\/31\/revisions"}],"wp:attachment":[{"href":"https:\/\/pb.edu.pl\/7dekad\/wp-json\/wp\/v2\/media?parent=31"}],"curies":[{"name":"wp","href":"https:\/\/api.w.org\/{rel}","templated":true}]}}