{"id":28,"date":"2019-01-31T19:52:07","date_gmt":"2019-01-31T18:52:07","guid":{"rendered":"https:\/\/pb.edu.pl\/7dekad\/?page_id=28"},"modified":"2019-01-31T19:52:15","modified_gmt":"2019-01-31T18:52:15","slug":"aktualnosci","status":"publish","type":"page","link":"https:\/\/pb.edu.pl\/7dekad\/aktualnosci\/","title":{"rendered":"Aktualno\u015bci"},"content":{"rendered":"\t\t<div class=\"box news-box \">\n\t\t<div class=\"row\">\n\t\t\t\n\t\t\t\n\t\t\t\t\n\t\t\t\t\t\t\t\t\t\t<div class=\"col-sm-3\">\n\t\t\t\t\t\t\t\n<article class=\"format-standard\">\n    <span class=\"date text-right\"><i class=\"fal fa-calendar-alt\"><\/i> 13-03-2020<\/span>\n    <a href=\"https:\/\/pb.edu.pl\/7dekad\/2020\/03\/13\/lista-przebojow-politechniki-bialostockiej-relacja-video\/\">\n      <div class=\"article-image\">\n        <img loading=\"lazy\" decoding=\"async\" width=\"450\" height=\"300\" src=\"https:\/\/pb.edu.pl\/7dekad\/wp-content\/uploads\/sites\/28\/2020\/04\/Lista-przeboj\u00f3w-www.jpg\" class=\"attachment-medium-image-16x10 size-medium-image-16x10 wp-post-image\" alt=\"\" srcset=\"https:\/\/pb.edu.pl\/7dekad\/wp-content\/uploads\/sites\/28\/2020\/04\/Lista-przeboj\u00f3w-www.jpg 1000w, https:\/\/pb.edu.pl\/7dekad\/wp-content\/uploads\/sites\/28\/2020\/04\/Lista-przeboj\u00f3w-www-300x200.jpg 300w, https:\/\/pb.edu.pl\/7dekad\/wp-content\/uploads\/sites\/28\/2020\/04\/Lista-przeboj\u00f3w-www-768x511.jpg 768w, https:\/\/pb.edu.pl\/7dekad\/wp-content\/uploads\/sites\/28\/2020\/04\/Lista-przeboj\u00f3w-www-480x320.jpg 480w\" sizes=\"auto, (max-width: 450px) 100vw, 450px\" \/>      <\/div>\n      <h3>Lista Przeboj\u00f3w Politechniki Bia\u0142ostockiej \u2013 relacja video<\/h3>\n      Jest ju\u017c dost\u0119pna videorelacja z Jubileuszu PB    <\/a>\n<\/article>\t\t\t\t\t\t<\/div>\n\t\t\t\t\t\t\t\t\t\t\t<div class=\"col-sm-3\">\n\t\t\t\t\t\t\t\n<article class=\"format-standard\">\n    <span class=\"date text-right\"><i class=\"fal fa-calendar-alt\"><\/i> 29-11-2019<\/span>\n    <a href=\"https:\/\/pb.edu.pl\/7dekad\/2019\/11\/29\/lista-przebojow-politechniki-bialostockiej-wyjatkowa-gala-z-okazji-70-lecia-pb\/\">\n      <div class=\"article-image\">\n        <img loading=\"lazy\" decoding=\"async\" width=\"450\" height=\"300\" src=\"https:\/\/pb.edu.pl\/7dekad\/wp-content\/uploads\/sites\/28\/2020\/04\/Lista-przeboj\u00f3w-Politechniki-Bia\u0142ostockiej_fot-Micha\u0142-Obrycki_27-listopada-2019-r.jpg\" class=\"attachment-medium-image-16x10 size-medium-image-16x10 wp-post-image\" alt=\"\" srcset=\"https:\/\/pb.edu.pl\/7dekad\/wp-content\/uploads\/sites\/28\/2020\/04\/Lista-przeboj\u00f3w-Politechniki-Bia\u0142ostockiej_fot-Micha\u0142-Obrycki_27-listopada-2019-r.jpg 1000w, https:\/\/pb.edu.pl\/7dekad\/wp-content\/uploads\/sites\/28\/2020\/04\/Lista-przeboj\u00f3w-Politechniki-Bia\u0142ostockiej_fot-Micha\u0142-Obrycki_27-listopada-2019-r-300x200.jpg 300w, https:\/\/pb.edu.pl\/7dekad\/wp-content\/uploads\/sites\/28\/2020\/04\/Lista-przeboj\u00f3w-Politechniki-Bia\u0142ostockiej_fot-Micha\u0142-Obrycki_27-listopada-2019-r-768x512.jpg 768w, https:\/\/pb.edu.pl\/7dekad\/wp-content\/uploads\/sites\/28\/2020\/04\/Lista-przeboj\u00f3w-Politechniki-Bia\u0142ostockiej_fot-Micha\u0142-Obrycki_27-listopada-2019-r-480x320.jpg 480w\" sizes=\"auto, (max-width: 450px) 100vw, 450px\" \/>      <\/div>\n      <h3>Lista Przeboj\u00f3w Politechniki Bia\u0142ostockiej &#8211; wyj\u0105tkowa gala z okazji 70-lecia PB<\/h3>\n      27 listopada odby\u0142o si\u0119 niesamowite widowisko s\u0142owno-muzyczno-wizualne    <\/a>\n<\/article>\t\t\t\t\t\t<\/div>\n\t\t\t\t\t\t\t\t\t\t\t<div class=\"col-sm-3\">\n\t\t\t\t\t\t\t\n<article class=\"format-standard\">\n    <span class=\"date text-right\"><i class=\"fal fa-calendar-alt\"><\/i> 20-11-2019<\/span>\n    <a href=\"https:\/\/pb.edu.pl\/7dekad\/2019\/11\/20\/film-jubileuszowy\/\">\n      <div class=\"article-image\">\n        <img loading=\"lazy\" decoding=\"async\" width=\"480\" height=\"270\" src=\"https:\/\/pb.edu.pl\/7dekad\/wp-content\/uploads\/sites\/28\/2019\/11\/film.jpg\" class=\"attachment-medium-image-16x10 size-medium-image-16x10 wp-post-image\" alt=\"\" srcset=\"https:\/\/pb.edu.pl\/7dekad\/wp-content\/uploads\/sites\/28\/2019\/11\/film.jpg 1000w, https:\/\/pb.edu.pl\/7dekad\/wp-content\/uploads\/sites\/28\/2019\/11\/film-300x169.jpg 300w, https:\/\/pb.edu.pl\/7dekad\/wp-content\/uploads\/sites\/28\/2019\/11\/film-768x432.jpg 768w\" sizes=\"auto, (max-width: 480px) 100vw, 480px\" \/>      <\/div>\n      <h3>Film jubileuszowy<\/h3>\n      Zapraszamy do obejrzenia filmu jubileuszowego    <\/a>\n<\/article>\t\t\t\t\t\t<\/div>\n\t\t\t\t\t\t\t\t\t\t\t<div class=\"col-sm-3\">\n\t\t\t\t\t\t\t\n<article class=\"format-standard\">\n    <span class=\"date text-right\"><i class=\"fal fa-calendar-alt\"><\/i> 20-11-2019<\/span>\n    <a href=\"https:\/\/pb.edu.pl\/7dekad\/2019\/11\/20\/album-7-dekad-politechniki-bialostockiej\/\">\n      <div class=\"article-image\">\n        <img loading=\"lazy\" decoding=\"async\" width=\"450\" height=\"300\" src=\"https:\/\/pb.edu.pl\/7dekad\/wp-content\/uploads\/sites\/28\/2019\/11\/ksiazka_jubi_3.jpg\" class=\"attachment-medium-image-16x10 size-medium-image-16x10 wp-post-image\" alt=\"\" srcset=\"https:\/\/pb.edu.pl\/7dekad\/wp-content\/uploads\/sites\/28\/2019\/11\/ksiazka_jubi_3.jpg 1296w, https:\/\/pb.edu.pl\/7dekad\/wp-content\/uploads\/sites\/28\/2019\/11\/ksiazka_jubi_3-300x200.jpg 300w, https:\/\/pb.edu.pl\/7dekad\/wp-content\/uploads\/sites\/28\/2019\/11\/ksiazka_jubi_3-768x512.jpg 768w, https:\/\/pb.edu.pl\/7dekad\/wp-content\/uploads\/sites\/28\/2019\/11\/ksiazka_jubi_3-1024x683.jpg 1024w, https:\/\/pb.edu.pl\/7dekad\/wp-content\/uploads\/sites\/28\/2019\/11\/ksiazka_jubi_3-480x320.jpg 480w\" sizes=\"auto, (max-width: 450px) 100vw, 450px\" \/>      <\/div>\n      <h3>Album \u201e7 dekad Politechniki Bia\u0142ostockiej\u201d<\/h3>\n      To fotograficzna podro\u017c po historii uczelni, opatrzona opisem ka\u017cdej dekady    <\/a>\n<\/article>\t\t\t\t\t\t<\/div>\n\t\t\t\t\t\t\t\t\t\t\t<div class=\"col-sm-3\">\n\t\t\t\t\t\t\t\n<article class=\"format-gallery\">\n    <span class=\"date text-right\"><i class=\"fal fa-calendar-alt\"><\/i> 20-11-2019<\/span>\n    <a href=\"https:\/\/pb.edu.pl\/7dekad\/2019\/11\/20\/politechnika-bialostocka-uroczyscie-rozpoczela-rok-akademicki\/\">\n      <div class=\"article-image\">\n        <img loading=\"lazy\" decoding=\"async\" width=\"450\" height=\"300\" src=\"https:\/\/pb.edu.pl\/7dekad\/wp-content\/uploads\/sites\/28\/2019\/11\/2019_10_09-Inauguracja-roku-akademickiego-Politechnika-Bialostocka-PB-56.jpg\" class=\"attachment-medium-image-16x10 size-medium-image-16x10 wp-post-image\" alt=\"\" srcset=\"https:\/\/pb.edu.pl\/7dekad\/wp-content\/uploads\/sites\/28\/2019\/11\/2019_10_09-Inauguracja-roku-akademickiego-Politechnika-Bialostocka-PB-56.jpg 1000w, https:\/\/pb.edu.pl\/7dekad\/wp-content\/uploads\/sites\/28\/2019\/11\/2019_10_09-Inauguracja-roku-akademickiego-Politechnika-Bialostocka-PB-56-300x200.jpg 300w, https:\/\/pb.edu.pl\/7dekad\/wp-content\/uploads\/sites\/28\/2019\/11\/2019_10_09-Inauguracja-roku-akademickiego-Politechnika-Bialostocka-PB-56-768x512.jpg 768w, https:\/\/pb.edu.pl\/7dekad\/wp-content\/uploads\/sites\/28\/2019\/11\/2019_10_09-Inauguracja-roku-akademickiego-Politechnika-Bialostocka-PB-56-480x320.jpg 480w\" sizes=\"auto, (max-width: 450px) 100vw, 450px\" \/>      <\/div>\n      <h3>Politechnika Bia\u0142ostocka uroczy\u015bcie rozpocz\u0119\u0142a rok akademicki<\/h3>\n      Po raz 70. na Politechnice Bia\u0142ostockiej zabrzmia\u0142o \u201eGaudeamus igitur\u201d     <\/a>\n<\/article>\t\t\t\t\t\t<\/div>\n\t\t\t\t\t\t\t\t\t\t\t<div class=\"col-sm-3\">\n\t\t\t\t\t\t\t\n<article class=\"format-standard\">\n    <span class=\"date text-right\"><i class=\"fal fa-calendar-alt\"><\/i> 10-04-2019<\/span>\n    <a href=\"https:\/\/pb.edu.pl\/7dekad\/2019\/04\/10\/dlaczego-suwak-logarytmiczny\/\">\n      <div class=\"article-image\">\n        <img loading=\"lazy\" decoding=\"async\" width=\"450\" height=\"300\" src=\"https:\/\/pb.edu.pl\/7dekad\/wp-content\/uploads\/sites\/28\/2019\/04\/suwak-mini-s.jpg\" class=\"attachment-medium-image-16x10 size-medium-image-16x10 wp-post-image\" alt=\"\" srcset=\"https:\/\/pb.edu.pl\/7dekad\/wp-content\/uploads\/sites\/28\/2019\/04\/suwak-mini-s.jpg 1000w, https:\/\/pb.edu.pl\/7dekad\/wp-content\/uploads\/sites\/28\/2019\/04\/suwak-mini-s-300x200.jpg 300w, https:\/\/pb.edu.pl\/7dekad\/wp-content\/uploads\/sites\/28\/2019\/04\/suwak-mini-s-768x512.jpg 768w, https:\/\/pb.edu.pl\/7dekad\/wp-content\/uploads\/sites\/28\/2019\/04\/suwak-mini-s-480x320.jpg 480w\" sizes=\"auto, (max-width: 450px) 100vw, 450px\" \/>      <\/div>\n      <h3>Dlaczego suwak logarytmiczny?<\/h3>\n      Suwak logarytmiczny - symbol 70-lecia Politechniki Bia\u0142ostockiej    <\/a>\n<\/article>\t\t\t\t\t\t<\/div>\n\t\t\t\t\t\t\t\t\t\t\t<div class=\"col-sm-3\">\n\t\t\t\t\t\t\t\n<article class=\"format-standard\">\n    <span class=\"date text-right\"><i class=\"fal fa-calendar-alt\"><\/i> 06-04-2019<\/span>\n    <a href=\"https:\/\/pb.edu.pl\/7dekad\/2019\/04\/06\/absolwentalia-spotkanie-po-latach\/\">\n      <div class=\"article-image\">\n        <img loading=\"lazy\" decoding=\"async\" width=\"450\" height=\"300\" src=\"https:\/\/pb.edu.pl\/7dekad\/wp-content\/uploads\/sites\/28\/2019\/04\/absolwentalia.jpg\" class=\"attachment-medium-image-16x10 size-medium-image-16x10 wp-post-image\" alt=\"\" srcset=\"https:\/\/pb.edu.pl\/7dekad\/wp-content\/uploads\/sites\/28\/2019\/04\/absolwentalia.jpg 1000w, https:\/\/pb.edu.pl\/7dekad\/wp-content\/uploads\/sites\/28\/2019\/04\/absolwentalia-300x200.jpg 300w, https:\/\/pb.edu.pl\/7dekad\/wp-content\/uploads\/sites\/28\/2019\/04\/absolwentalia-768x511.jpg 768w, https:\/\/pb.edu.pl\/7dekad\/wp-content\/uploads\/sites\/28\/2019\/04\/absolwentalia-480x320.jpg 480w\" sizes=\"auto, (max-width: 450px) 100vw, 450px\" \/>      <\/div>\n      <h3>Absolwentalia \u2013 spotkanie po latach!<\/h3>\n      Serdecznie zapraszamy do udzia\u0142u w obchodach jubileuszu 70-lecia naszej Uczelni    <\/a>\n<\/article>\t\t\t\t\t\t<\/div>\n\t\t\t\t\t\t\t\t\t\t\t<div class=\"col-sm-3\">\n\t\t\t\t\t\t\t\n<article class=\"format-standard\">\n    <span class=\"date text-right\"><i class=\"fal fa-calendar-alt\"><\/i> 30-03-2019<\/span>\n    <a href=\"https:\/\/pb.edu.pl\/7dekad\/2019\/03\/30\/dyplomatoria-2019\/\">\n      <div class=\"article-image\">\n        <img loading=\"lazy\" decoding=\"async\" width=\"450\" height=\"300\" src=\"https:\/\/pb.edu.pl\/7dekad\/wp-content\/uploads\/sites\/28\/2019\/04\/2019_03_22-Dyplomatoria-2019-Politechnika-Bialostocka-50.jpg\" class=\"attachment-medium-image-16x10 size-medium-image-16x10 wp-post-image\" alt=\"\" srcset=\"https:\/\/pb.edu.pl\/7dekad\/wp-content\/uploads\/sites\/28\/2019\/04\/2019_03_22-Dyplomatoria-2019-Politechnika-Bialostocka-50.jpg 1280w, https:\/\/pb.edu.pl\/7dekad\/wp-content\/uploads\/sites\/28\/2019\/04\/2019_03_22-Dyplomatoria-2019-Politechnika-Bialostocka-50-300x200.jpg 300w, https:\/\/pb.edu.pl\/7dekad\/wp-content\/uploads\/sites\/28\/2019\/04\/2019_03_22-Dyplomatoria-2019-Politechnika-Bialostocka-50-768x512.jpg 768w, https:\/\/pb.edu.pl\/7dekad\/wp-content\/uploads\/sites\/28\/2019\/04\/2019_03_22-Dyplomatoria-2019-Politechnika-Bialostocka-50-1024x682.jpg 1024w, https:\/\/pb.edu.pl\/7dekad\/wp-content\/uploads\/sites\/28\/2019\/04\/2019_03_22-Dyplomatoria-2019-Politechnika-Bialostocka-50-480x320.jpg 480w\" sizes=\"auto, (max-width: 450px) 100vw, 450px\" \/>      <\/div>\n      <h3>Dyplomatoria 2019<\/h3>\n      Pierwsza og\u00f3lnouczelniana uroczysto\u015b\u0107 wr\u0119czenia dyplom\u00f3w uko\u0144czenia studi\u00f3w odby\u0142a si\u0119 22 marca    <\/a>\n<\/article>\t\t\t\t\t\t<\/div>\n\t\t\t\t\t\t\t\t\t\t\t<div class=\"col-sm-3\">\n\t\t\t\t\t\t\t\n<article class=\"format-standard\">\n    <span class=\"date text-right\"><i class=\"fal fa-calendar-alt\"><\/i> 29-03-2019<\/span>\n    <a href=\"https:\/\/pb.edu.pl\/7dekad\/2019\/03\/29\/kobiety-w-historii-politechniki-bialostockiej\/\">\n      <div class=\"article-image\">\n        <img loading=\"lazy\" decoding=\"async\" width=\"307\" height=\"300\" src=\"https:\/\/pb.edu.pl\/7dekad\/wp-content\/uploads\/sites\/28\/2019\/04\/studentka-PB.jpg\" class=\"attachment-medium-image-16x10 size-medium-image-16x10 wp-post-image\" alt=\"\" srcset=\"https:\/\/pb.edu.pl\/7dekad\/wp-content\/uploads\/sites\/28\/2019\/04\/studentka-PB.jpg 600w, https:\/\/pb.edu.pl\/7dekad\/wp-content\/uploads\/sites\/28\/2019\/04\/studentka-PB-300x293.jpg 300w\" sizes=\"auto, (max-width: 307px) 100vw, 307px\" \/>      <\/div>\n      <h3>Kobiety w historii Politechniki Bia\u0142ostockiej<\/h3>\n      Kobieta. In\u017cynierka, architektka, programistka, elektroniczka&#8230; Dzi\u015b rosn\u0105ce zainteresowanie kobiet kierunkami technicznymi    <\/a>\n<\/article>\t\t\t\t\t\t<\/div>\n\t\t\t\t\t\n\t\t\t\t\n\t\t\t\t\t<\/div>\n\t\t\t\t\t<\/div>\n\n","protected":false},"excerpt":{"rendered":"","protected":false},"author":2,"featured_media":0,"parent":0,"menu_order":1,"comment_status":"closed","ping_status":"closed","template":"","meta":{"_acf_changed":false,"ngg_post_thumbnail":0,"footnotes":""},"class_list":["post-28","page","type-page","status-publish","hentry"],"acf":[],"_links":{"self":[{"href":"https:\/\/pb.edu.pl\/7dekad\/wp-json\/wp\/v2\/pages\/28","targetHints":{"allow":["GET"]}}],"collection":[{"href":"https:\/\/pb.edu.pl\/7dekad\/wp-json\/wp\/v2\/pages"}],"about":[{"href":"https:\/\/pb.edu.pl\/7dekad\/wp-json\/wp\/v2\/types\/page"}],"author":[{"embeddable":true,"href":"https:\/\/pb.edu.pl\/7dekad\/wp-json\/wp\/v2\/users\/2"}],"replies":[{"embeddable":true,"href":"https:\/\/pb.edu.pl\/7dekad\/wp-json\/wp\/v2\/comments?post=28"}],"version-history":[{"count":0,"href":"https:\/\/pb.edu.pl\/7dekad\/wp-json\/wp\/v2\/pages\/28\/revisions"}],"wp:attachment":[{"href":"https:\/\/pb.edu.pl\/7dekad\/wp-json\/wp\/v2\/media?parent=28"}],"curies":[{"name":"wp","href":"https:\/\/api.w.org\/{rel}","templated":true}]}}