{"id":167,"date":"2019-02-06T17:44:25","date_gmt":"2019-02-06T16:44:25","guid":{"rendered":"https:\/\/pb.edu.pl\/7dekad\/?page_id=167"},"modified":"2019-05-23T13:52:13","modified_gmt":"2019-05-23T11:52:13","slug":"kontakt","status":"publish","type":"page","link":"https:\/\/pb.edu.pl\/7dekad\/kontakt\/","title":{"rendered":"Kontakt"},"content":{"rendered":"<h3>Dzia\u0142 Promocji Politechniki Bia\u0142ostockiej<\/h3>\n<p>ul. Wiejska 45A<\/p>\n<p>15-351 Bia\u0142ystok<\/p>\n<p>&nbsp;<br \/>\n<i class=\"fa fa-phone\"><\/i> +48 85 746 9048<br \/>\n<i class=\"fa fa-phone\"><\/i> +48 85 746 9724<br \/>\n<i class=\"fa fa-envelope-o\"><\/i> <a href=\"#\" rel=\"nofollow\"  onclick=\"this.href='mailto:' + 'promocja' + '@' + 'pb.edu.pl'\">promocja [at] pb.edu.pl<\/a>\n<p>Znajd\u017a nas na <a title=\"Przejd\u017a do: Profil FB PB\" href=\"https:\/\/www.facebook.com\/politechnikabialostocka\" target=\"_blank\" rel=\"noopener\">Facebooku<\/a><br \/>\n&nbsp;<\/p>\n","protected":false},"excerpt":{"rendered":"<p>Dzia\u0142 Promocji Politechniki Bia\u0142ostockiej ul. Wiejska 45A 15-351 Bia\u0142ystok &nbsp; +48 85 746 9048 +48<\/p>\n","protected":false},"author":2,"featured_media":0,"parent":0,"menu_order":0,"comment_status":"closed","ping_status":"closed","template":"","meta":{"_acf_changed":false,"ngg_post_thumbnail":0,"footnotes":""},"class_list":["post-167","page","type-page","status-publish","hentry"],"acf":[],"_links":{"self":[{"href":"https:\/\/pb.edu.pl\/7dekad\/wp-json\/wp\/v2\/pages\/167","targetHints":{"allow":["GET"]}}],"collection":[{"href":"https:\/\/pb.edu.pl\/7dekad\/wp-json\/wp\/v2\/pages"}],"about":[{"href":"https:\/\/pb.edu.pl\/7dekad\/wp-json\/wp\/v2\/types\/page"}],"author":[{"embeddable":true,"href":"https:\/\/pb.edu.pl\/7dekad\/wp-json\/wp\/v2\/users\/2"}],"replies":[{"embeddable":true,"href":"https:\/\/pb.edu.pl\/7dekad\/wp-json\/wp\/v2\/comments?post=167"}],"version-history":[{"count":0,"href":"https:\/\/pb.edu.pl\/7dekad\/wp-json\/wp\/v2\/pages\/167\/revisions"}],"wp:attachment":[{"href":"https:\/\/pb.edu.pl\/7dekad\/wp-json\/wp\/v2\/media?parent=167"}],"curies":[{"name":"wp","href":"https:\/\/api.w.org\/{rel}","templated":true}]}}