{"id":10,"date":"2019-01-31T19:29:54","date_gmt":"2019-01-31T18:29:54","guid":{"rendered":"https:\/\/pb.edu.pl\/7dekad\/?page_id=10"},"modified":"2025-03-09T22:30:53","modified_gmt":"2025-03-09T21:30:53","slug":"7dekad","status":"publish","type":"page","link":"https:\/\/pb.edu.pl\/7dekad\/","title":{"rendered":"7dekad"},"content":{"rendered":"<div class=\"embed-responsive embed-responsive-16by9\" style=\"margin-top: -10px;\">\n<video class=\"embed-responsive-item\" src=\"https:\/\/pb.edu.pl\/7dekad\/wp-content\/uploads\/2019\/logo_PB_7_dekad_Animacja.mp4\" poster=\"https:\/\/pb.edu.pl\/7dekad\/wp-content\/uploads\/sites\/28\/2019\/02\/7DEKAD-HARMONOGRAM440pxh.png\" autoplay=\"autoplay\" muted=\"\" width=\"300\" height=\"150\"><\/video><\/div>\n<h2 class=\"box-title\"><a style=\"text-decoration: none;\" title=\"Aktualno\u015bci\" href=\"\/7dekad\/aktualnosci\/\">AKTUALNO\u015aCI <i class=\"fa fa-caret-right\" aria-hidden=\"true\"><\/i><\/a><\/h2>\n\t\t<div class=\"box news-box \">\n\t\t<div class=\"row\">\n\t\t\t\n\t\t\t\n\t\t\t\t\n\t\t\t\t\t\t\t\t\t\t<div class=\"col-sm-3\">\n\t\t\t\t\t\t\t\n<article class=\"format-standard\">\n    <span class=\"date text-right\"><i class=\"fal fa-calendar-alt\"><\/i> 13-03-2020<\/span>\n    <a href=\"https:\/\/pb.edu.pl\/7dekad\/2020\/03\/13\/lista-przebojow-politechniki-bialostockiej-relacja-video\/\">\n      <div class=\"article-image\">\n        <img loading=\"lazy\" decoding=\"async\" width=\"450\" height=\"300\" src=\"https:\/\/pb.edu.pl\/7dekad\/wp-content\/uploads\/sites\/28\/2020\/04\/Lista-przeboj\u00f3w-www.jpg\" class=\"attachment-medium-image-16x10 size-medium-image-16x10 wp-post-image\" alt=\"\" srcset=\"https:\/\/pb.edu.pl\/7dekad\/wp-content\/uploads\/sites\/28\/2020\/04\/Lista-przeboj\u00f3w-www.jpg 1000w, https:\/\/pb.edu.pl\/7dekad\/wp-content\/uploads\/sites\/28\/2020\/04\/Lista-przeboj\u00f3w-www-300x200.jpg 300w, https:\/\/pb.edu.pl\/7dekad\/wp-content\/uploads\/sites\/28\/2020\/04\/Lista-przeboj\u00f3w-www-768x511.jpg 768w, https:\/\/pb.edu.pl\/7dekad\/wp-content\/uploads\/sites\/28\/2020\/04\/Lista-przeboj\u00f3w-www-480x320.jpg 480w\" sizes=\"auto, (max-width: 450px) 100vw, 450px\" \/>      <\/div>\n      <h3>Lista Przeboj\u00f3w Politechniki Bia\u0142ostockiej \u2013 relacja video<\/h3>\n      Jest ju\u017c dost\u0119pna videorelacja z Jubileuszu PB    <\/a>\n<\/article>\t\t\t\t\t\t<\/div>\n\t\t\t\t\t\t\t\t\t\t\t<div class=\"col-sm-3\">\n\t\t\t\t\t\t\t\n<article class=\"format-standard\">\n    <span class=\"date text-right\"><i class=\"fal fa-calendar-alt\"><\/i> 29-11-2019<\/span>\n    <a href=\"https:\/\/pb.edu.pl\/7dekad\/2019\/11\/29\/lista-przebojow-politechniki-bialostockiej-wyjatkowa-gala-z-okazji-70-lecia-pb\/\">\n      <div class=\"article-image\">\n        <img loading=\"lazy\" decoding=\"async\" width=\"450\" height=\"300\" src=\"https:\/\/pb.edu.pl\/7dekad\/wp-content\/uploads\/sites\/28\/2020\/04\/Lista-przeboj\u00f3w-Politechniki-Bia\u0142ostockiej_fot-Micha\u0142-Obrycki_27-listopada-2019-r.jpg\" class=\"attachment-medium-image-16x10 size-medium-image-16x10 wp-post-image\" alt=\"\" srcset=\"https:\/\/pb.edu.pl\/7dekad\/wp-content\/uploads\/sites\/28\/2020\/04\/Lista-przeboj\u00f3w-Politechniki-Bia\u0142ostockiej_fot-Micha\u0142-Obrycki_27-listopada-2019-r.jpg 1000w, https:\/\/pb.edu.pl\/7dekad\/wp-content\/uploads\/sites\/28\/2020\/04\/Lista-przeboj\u00f3w-Politechniki-Bia\u0142ostockiej_fot-Micha\u0142-Obrycki_27-listopada-2019-r-300x200.jpg 300w, https:\/\/pb.edu.pl\/7dekad\/wp-content\/uploads\/sites\/28\/2020\/04\/Lista-przeboj\u00f3w-Politechniki-Bia\u0142ostockiej_fot-Micha\u0142-Obrycki_27-listopada-2019-r-768x512.jpg 768w, https:\/\/pb.edu.pl\/7dekad\/wp-content\/uploads\/sites\/28\/2020\/04\/Lista-przeboj\u00f3w-Politechniki-Bia\u0142ostockiej_fot-Micha\u0142-Obrycki_27-listopada-2019-r-480x320.jpg 480w\" sizes=\"auto, (max-width: 450px) 100vw, 450px\" \/>      <\/div>\n      <h3>Lista Przeboj\u00f3w Politechniki Bia\u0142ostockiej &#8211; wyj\u0105tkowa gala z okazji 70-lecia PB<\/h3>\n      27 listopada odby\u0142o si\u0119 niesamowite widowisko s\u0142owno-muzyczno-wizualne    <\/a>\n<\/article>\t\t\t\t\t\t<\/div>\n\t\t\t\t\t\t\t\t\t\t\t<div class=\"col-sm-3\">\n\t\t\t\t\t\t\t\n<article class=\"format-standard\">\n    <span class=\"date text-right\"><i class=\"fal fa-calendar-alt\"><\/i> 20-11-2019<\/span>\n    <a href=\"https:\/\/pb.edu.pl\/7dekad\/2019\/11\/20\/film-jubileuszowy\/\">\n      <div class=\"article-image\">\n        <img loading=\"lazy\" decoding=\"async\" width=\"480\" height=\"270\" src=\"https:\/\/pb.edu.pl\/7dekad\/wp-content\/uploads\/sites\/28\/2019\/11\/film.jpg\" class=\"attachment-medium-image-16x10 size-medium-image-16x10 wp-post-image\" alt=\"\" srcset=\"https:\/\/pb.edu.pl\/7dekad\/wp-content\/uploads\/sites\/28\/2019\/11\/film.jpg 1000w, https:\/\/pb.edu.pl\/7dekad\/wp-content\/uploads\/sites\/28\/2019\/11\/film-300x169.jpg 300w, https:\/\/pb.edu.pl\/7dekad\/wp-content\/uploads\/sites\/28\/2019\/11\/film-768x432.jpg 768w\" sizes=\"auto, (max-width: 480px) 100vw, 480px\" \/>      <\/div>\n      <h3>Film jubileuszowy<\/h3>\n      Zapraszamy do obejrzenia filmu jubileuszowego    <\/a>\n<\/article>\t\t\t\t\t\t<\/div>\n\t\t\t\t\t\t\t\t\t\t\t<div class=\"col-sm-3\">\n\t\t\t\t\t\t\t\n<article class=\"format-standard\">\n    <span class=\"date text-right\"><i class=\"fal fa-calendar-alt\"><\/i> 20-11-2019<\/span>\n    <a href=\"https:\/\/pb.edu.pl\/7dekad\/2019\/11\/20\/album-7-dekad-politechniki-bialostockiej\/\">\n      <div class=\"article-image\">\n        <img loading=\"lazy\" decoding=\"async\" width=\"450\" height=\"300\" src=\"https:\/\/pb.edu.pl\/7dekad\/wp-content\/uploads\/sites\/28\/2019\/11\/ksiazka_jubi_3.jpg\" class=\"attachment-medium-image-16x10 size-medium-image-16x10 wp-post-image\" alt=\"\" srcset=\"https:\/\/pb.edu.pl\/7dekad\/wp-content\/uploads\/sites\/28\/2019\/11\/ksiazka_jubi_3.jpg 1296w, https:\/\/pb.edu.pl\/7dekad\/wp-content\/uploads\/sites\/28\/2019\/11\/ksiazka_jubi_3-300x200.jpg 300w, https:\/\/pb.edu.pl\/7dekad\/wp-content\/uploads\/sites\/28\/2019\/11\/ksiazka_jubi_3-768x512.jpg 768w, https:\/\/pb.edu.pl\/7dekad\/wp-content\/uploads\/sites\/28\/2019\/11\/ksiazka_jubi_3-1024x683.jpg 1024w, https:\/\/pb.edu.pl\/7dekad\/wp-content\/uploads\/sites\/28\/2019\/11\/ksiazka_jubi_3-480x320.jpg 480w\" sizes=\"auto, (max-width: 450px) 100vw, 450px\" \/>      <\/div>\n      <h3>Album \u201e7 dekad Politechniki Bia\u0142ostockiej\u201d<\/h3>\n      To fotograficzna podro\u017c po historii uczelni, opatrzona opisem ka\u017cdej dekady    <\/a>\n<\/article>\t\t\t\t\t\t<\/div>\n\t\t\t\t\t\n\t\t\t\t\n\t\t\t\t\t<\/div>\n\t\t\t\t\t<\/div>\n\n&nbsp;<br \/>\n<!-- TIMELINE--><\/p>\n<div id=\"timeline-nasz\" class=\"row seven-colss\">\n<div class=\"col-md-1\">\n<div class=\"staff-photo\"><a class=\"podpowiedz image\" href=\"\"><img loading=\"lazy\" decoding=\"async\" src=\"https:\/\/pb.edu.pl\/7dekad\/wp-content\/uploads\/sites\/28\/2019\/04\/A-WSI-1949-bez-napisow.png\" alt=\"\" width=\"600\" height=\"500\" class=\"zoom alignnone size-full wp-image-623\" srcset=\"https:\/\/pb.edu.pl\/7dekad\/wp-content\/uploads\/sites\/28\/2019\/04\/A-WSI-1949-bez-napisow.png 600w, https:\/\/pb.edu.pl\/7dekad\/wp-content\/uploads\/sites\/28\/2019\/04\/A-WSI-1949-bez-napisow-300x250.png 300w\" sizes=\"auto, (max-width: 600px) 100vw, 600px\" \/><span>Pocz\u0105tek dzia\u0142alno\u015bci Prywatnej Wieczorowej Szko\u0142y In\u017cynierskiej NOT w&nbsp;Bia\u0142ymstoku<\/span><\/a><\/div>\n<div class=\"podzialka\"><img loading=\"lazy\" decoding=\"async\" src=\"https:\/\/pb.edu.pl\/7dekad\/wp-content\/uploads\/sites\/28\/2019\/04\/1-linijka-1949-bez-napisow.png\" alt=\"\" width=\"600\" height=\"100\" class=\"alignnone size-full wp-image-608\" srcset=\"https:\/\/pb.edu.pl\/7dekad\/wp-content\/uploads\/sites\/28\/2019\/04\/1-linijka-1949-bez-napisow.png 600w, https:\/\/pb.edu.pl\/7dekad\/wp-content\/uploads\/sites\/28\/2019\/04\/1-linijka-1949-bez-napisow-300x50.png 300w\" sizes=\"auto, (max-width: 600px) 100vw, 600px\" \/><\/div>\n<\/div>\n<div class=\"col-md-1\">\n<div class=\"staff-photo\"><a class=\"podpowiedz image\" href=\"\"><img loading=\"lazy\" decoding=\"async\" src=\"https:\/\/pb.edu.pl\/7dekad\/wp-content\/uploads\/sites\/28\/2019\/04\/B-WSI-1964bez-napis\u00f3w.png\" alt=\"\" width=\"600\" height=\"500\" class=\"zoom alignnone size-full wp-image-617\" srcset=\"https:\/\/pb.edu.pl\/7dekad\/wp-content\/uploads\/sites\/28\/2019\/04\/B-WSI-1964bez-napis\u00f3w.png 600w, https:\/\/pb.edu.pl\/7dekad\/wp-content\/uploads\/sites\/28\/2019\/04\/B-WSI-1964bez-napis\u00f3w-300x250.png 300w\" sizes=\"auto, (max-width: 600px) 100vw, 600px\" \/><span>Zmiana nazwy z Wieczorowej Szko\u0142y In\u017cynierskiej na Wy\u017csz\u0105 Szko\u0142\u0119 In\u017cyniersk\u0105<\/span><\/a><\/div>\n<div class=\"podzialka\"><img loading=\"lazy\" decoding=\"async\" src=\"https:\/\/pb.edu.pl\/7dekad\/wp-content\/uploads\/sites\/28\/2019\/04\/2-linijka-1959-bez-napisow.png\" alt=\"\" width=\"600\" height=\"100\" class=\"alignnone size-full wp-image-609\" srcset=\"https:\/\/pb.edu.pl\/7dekad\/wp-content\/uploads\/sites\/28\/2019\/04\/2-linijka-1959-bez-napisow.png 600w, https:\/\/pb.edu.pl\/7dekad\/wp-content\/uploads\/sites\/28\/2019\/04\/2-linijka-1959-bez-napisow-300x50.png 300w\" sizes=\"auto, (max-width: 600px) 100vw, 600px\" \/><\/div>\n<\/div>\n<div class=\"col-md-1\">\n<div class=\"staff-photo\"><a class=\"podpowiedz image\" href=\"\"><img loading=\"lazy\" decoding=\"async\" src=\"https:\/\/pb.edu.pl\/7dekad\/wp-content\/uploads\/sites\/28\/2019\/04\/C-pb-1974-bez-napis\u00f3w.png\" alt=\"\" width=\"600\" height=\"500\" class=\"zoom alignnone size-full wp-image-618\" srcset=\"https:\/\/pb.edu.pl\/7dekad\/wp-content\/uploads\/sites\/28\/2019\/04\/C-pb-1974-bez-napis\u00f3w.png 600w, https:\/\/pb.edu.pl\/7dekad\/wp-content\/uploads\/sites\/28\/2019\/04\/C-pb-1974-bez-napis\u00f3w-300x250.png 300w\" sizes=\"auto, (max-width: 600px) 100vw, 600px\" \/><span>Wy\u017csza Szko\u0142a In\u017cynierska zyskuje rang\u0119 uczelni akademickiej i zmienia nazw\u0119 na Politechnika Bia\u0142ostocka<\/span><\/a><\/div>\n<div class=\"podzialka\"><img loading=\"lazy\" decoding=\"async\" src=\"https:\/\/pb.edu.pl\/7dekad\/wp-content\/uploads\/sites\/28\/2019\/04\/3-linijka-1969-bez-napisow.png\" alt=\"\" width=\"600\" height=\"100\" class=\"alignnone size-full wp-image-610\" srcset=\"https:\/\/pb.edu.pl\/7dekad\/wp-content\/uploads\/sites\/28\/2019\/04\/3-linijka-1969-bez-napisow.png 600w, https:\/\/pb.edu.pl\/7dekad\/wp-content\/uploads\/sites\/28\/2019\/04\/3-linijka-1969-bez-napisow-300x50.png 300w\" sizes=\"auto, (max-width: 600px) 100vw, 600px\" \/><\/div>\n<\/div>\n<div class=\"col-md-1\">\n<div class=\"staff-photo\"><a class=\"podpowiedz image\" href=\"\"><img loading=\"lazy\" decoding=\"async\" src=\"https:\/\/pb.edu.pl\/7dekad\/wp-content\/uploads\/sites\/28\/2019\/04\/D-inauguracja600-500.png\" alt=\"\" width=\"600\" height=\"500\" class=\"zoom alignnone size-full wp-image-619\" srcset=\"https:\/\/pb.edu.pl\/7dekad\/wp-content\/uploads\/sites\/28\/2019\/04\/D-inauguracja600-500.png 600w, https:\/\/pb.edu.pl\/7dekad\/wp-content\/uploads\/sites\/28\/2019\/04\/D-inauguracja600-500-300x250.png 300w\" sizes=\"auto, (max-width: 600px) 100vw, 600px\" \/><span>Pierwsze w historii uczelni demokratyczne wybory rektora<\/span><\/a><\/div>\n<div class=\"podzialka\"><img loading=\"lazy\" decoding=\"async\" src=\"https:\/\/pb.edu.pl\/7dekad\/wp-content\/uploads\/sites\/28\/2019\/04\/4-linijka-1979-bez-napisow.png\" alt=\"\" width=\"600\" height=\"100\" class=\"alignnone size-full wp-image-611\" srcset=\"https:\/\/pb.edu.pl\/7dekad\/wp-content\/uploads\/sites\/28\/2019\/04\/4-linijka-1979-bez-napisow.png 600w, https:\/\/pb.edu.pl\/7dekad\/wp-content\/uploads\/sites\/28\/2019\/04\/4-linijka-1979-bez-napisow-300x50.png 300w\" sizes=\"auto, (max-width: 600px) 100vw, 600px\" \/><\/div>\n<\/div>\n<div class=\"col-md-1\">\n<div class=\"staff-photo\"><a class=\"podpowiedz image\" href=\"\"><img loading=\"lazy\" decoding=\"async\" src=\"https:\/\/pb.edu.pl\/7dekad\/wp-content\/uploads\/sites\/28\/2019\/04\/E-biaman-wyciety-bez-napisow.png\" alt=\"\" width=\"600\" height=\"500\" class=\"zoom alignnone size-full wp-image-620\" srcset=\"https:\/\/pb.edu.pl\/7dekad\/wp-content\/uploads\/sites\/28\/2019\/04\/E-biaman-wyciety-bez-napisow.png 600w, https:\/\/pb.edu.pl\/7dekad\/wp-content\/uploads\/sites\/28\/2019\/04\/E-biaman-wyciety-bez-napisow-300x250.png 300w\" sizes=\"auto, (max-width: 600px) 100vw, 600px\" \/><span>Budowa Miejskiej Sieci Komputerowej BIAMAN<\/span><\/a><\/div>\n<div class=\"podzialka\"><img loading=\"lazy\" decoding=\"async\" src=\"https:\/\/pb.edu.pl\/7dekad\/wp-content\/uploads\/sites\/28\/2019\/04\/5-linijka-1989-bez-napisow.png\" alt=\"\" width=\"600\" height=\"100\" class=\"alignnone size-full wp-image-612\" srcset=\"https:\/\/pb.edu.pl\/7dekad\/wp-content\/uploads\/sites\/28\/2019\/04\/5-linijka-1989-bez-napisow.png 600w, https:\/\/pb.edu.pl\/7dekad\/wp-content\/uploads\/sites\/28\/2019\/04\/5-linijka-1989-bez-napisow-300x50.png 300w\" sizes=\"auto, (max-width: 600px) 100vw, 600px\" \/><\/div>\n<\/div>\n<div class=\"col-md-1\">\n<div class=\"staff-photo\"><a class=\"podpowiedz image\" href=\"\"><img loading=\"lazy\" decoding=\"async\" src=\"https:\/\/pb.edu.pl\/7dekad\/wp-content\/uploads\/sites\/28\/2019\/04\/F-habilitacja-pb.png\" alt=\"\" width=\"600\" height=\"506\" class=\"zoom alignnone size-full wp-image-621\" srcset=\"https:\/\/pb.edu.pl\/7dekad\/wp-content\/uploads\/sites\/28\/2019\/04\/F-habilitacja-pb.png 600w, https:\/\/pb.edu.pl\/7dekad\/wp-content\/uploads\/sites\/28\/2019\/04\/F-habilitacja-pb-300x253.png 300w\" sizes=\"auto, (max-width: 600px) 100vw, 600px\" \/><span>Pierwsza w historii Politechniki Bia\u0142ostockiej promocja habilitacyjna<\/span><\/a><\/div>\n<div class=\"podzialka\"><img loading=\"lazy\" decoding=\"async\" src=\"https:\/\/pb.edu.pl\/7dekad\/wp-content\/uploads\/sites\/28\/2019\/04\/6-linijka-1999-bez-napisow.png\" alt=\"\" width=\"600\" height=\"100\" class=\"alignnone size-full wp-image-613\" srcset=\"https:\/\/pb.edu.pl\/7dekad\/wp-content\/uploads\/sites\/28\/2019\/04\/6-linijka-1999-bez-napisow.png 600w, https:\/\/pb.edu.pl\/7dekad\/wp-content\/uploads\/sites\/28\/2019\/04\/6-linijka-1999-bez-napisow-300x50.png 300w\" sizes=\"auto, (max-width: 600px) 100vw, 600px\" \/><\/div>\n<\/div>\n<div class=\"col-md-1\">\n<div class=\"staff-photo\"><a class=\"podpowiedz image\" href=\"\"><img loading=\"lazy\" decoding=\"async\" src=\"https:\/\/pb.edu.pl\/7dekad\/wp-content\/uploads\/sites\/28\/2019\/04\/G-inno-eko-techbez-napisow.png\" alt=\"\" width=\"600\" height=\"500\" class=\"zoom alignnone size-full wp-image-622\" srcset=\"https:\/\/pb.edu.pl\/7dekad\/wp-content\/uploads\/sites\/28\/2019\/04\/G-inno-eko-techbez-napisow.png 600w, https:\/\/pb.edu.pl\/7dekad\/wp-content\/uploads\/sites\/28\/2019\/04\/G-inno-eko-techbez-napisow-300x250.png 300w\" sizes=\"auto, (max-width: 600px) 100vw, 600px\" \/><span>Budowa Innowacyjnego Centrum Dydaktyczno-Badawczego Alternatywnych \u0179r\u00f3de\u0142 Energii, Budownictwa Energooszcz\u0119dnego i Ochrony \u015arodowiska<\/span><\/a><\/div>\n<div class=\"podzialka\"><img loading=\"lazy\" decoding=\"async\" src=\"https:\/\/pb.edu.pl\/7dekad\/wp-content\/uploads\/sites\/28\/2019\/04\/7-linijka-2009-bez-napisow.png\" alt=\"\" width=\"600\" height=\"100\" class=\"alignnone size-full wp-image-614\" srcset=\"https:\/\/pb.edu.pl\/7dekad\/wp-content\/uploads\/sites\/28\/2019\/04\/7-linijka-2009-bez-napisow.png 600w, https:\/\/pb.edu.pl\/7dekad\/wp-content\/uploads\/sites\/28\/2019\/04\/7-linijka-2009-bez-napisow-300x50.png 300w\" sizes=\"auto, (max-width: 600px) 100vw, 600px\" \/><\/div>\n<\/div>\n<\/div>\n<p>&nbsp;<\/p>\n<div class=\"row\">\n<div class=\"col-sm-4 text-center\"><a class=\"button\" style=\"width: 100%; padding: 0px 5px 10px 5px;\" href=\"https:\/\/akadera.bialystok.pl\/audycje\/retro-radio-spekcja\/\" target=\"_blank\" rel=\"noopener noreferrer\"><img loading=\"lazy\" decoding=\"async\" src=\"https:\/\/pb.edu.pl\/7dekad\/wp-content\/uploads\/sites\/28\/2019\/04\/7dekad_retroradiospekcja.jpg\" alt=\"Radio panel\" width=\"960\" height=\"540\" class=\"aligncenter size-full wp-image-650\" srcset=\"https:\/\/pb.edu.pl\/7dekad\/wp-content\/uploads\/sites\/28\/2019\/04\/7dekad_retroradiospekcja.jpg 960w, https:\/\/pb.edu.pl\/7dekad\/wp-content\/uploads\/sites\/28\/2019\/04\/7dekad_retroradiospekcja-300x169.jpg 300w, https:\/\/pb.edu.pl\/7dekad\/wp-content\/uploads\/sites\/28\/2019\/04\/7dekad_retroradiospekcja-768x432.jpg 768w\" sizes=\"auto, (max-width: 960px) 100vw, 960px\" \/><span style=\"font-size: 1.8rem; margin: 14px 0 10px 0;\">Audycja radiowa<\/span><\/a><\/div>\n<div class=\"col-sm-4 text-center\"><a class=\"button\" style=\"width: 100%; padding: 0px 5px 10px 5px;\" href=\"\/7dekad\/materialy-promocyjne\/\"><img loading=\"lazy\" decoding=\"async\" class=\"aligncenter size-full wp-image-91\" src=\"https:\/\/pb.edu.pl\/7dekad\/wp-content\/uploads\/sites\/28\/2019\/02\/materialy-promocyjne.png\" alt=\"\" width=\"960\" height=\"540\" srcset=\"https:\/\/pb.edu.pl\/7dekad\/wp-content\/uploads\/sites\/28\/2019\/02\/materialy-promocyjne.png 960w, https:\/\/pb.edu.pl\/7dekad\/wp-content\/uploads\/sites\/28\/2019\/02\/materialy-promocyjne-300x169.png 300w, https:\/\/pb.edu.pl\/7dekad\/wp-content\/uploads\/sites\/28\/2019\/02\/materialy-promocyjne-768x432.png 768w\" sizes=\"auto, (max-width: 960px) 100vw, 960px\" \/><span style=\"font-size: 1.8rem; margin: 14px 0 10px 0;\">Materia\u0142y promocyjne<\/span><\/a><\/div>\n<div class=\"col-sm-4 text-center\"><a class=\"button\" style=\"width: 100%; padding: 0px 5px 10px 5px;\" href=\"https:\/\/absolwentalia.pb.edu.pl\/\" target=\"_blank\" rel=\"noopener noreferrer\"><img loading=\"lazy\" decoding=\"async\" class=\"aligncenter size-full wp-image-44\" src=\"https:\/\/pb.edu.pl\/7dekad\/wp-content\/uploads\/sites\/28\/2019\/01\/logo.jpg\" alt=\"\" width=\"960\" height=\"540\" srcset=\"https:\/\/pb.edu.pl\/7dekad\/wp-content\/uploads\/sites\/28\/2019\/01\/logo.jpg 960w, https:\/\/pb.edu.pl\/7dekad\/wp-content\/uploads\/sites\/28\/2019\/01\/logo-300x169.jpg 300w, https:\/\/pb.edu.pl\/7dekad\/wp-content\/uploads\/sites\/28\/2019\/01\/logo-768x432.jpg 768w\" sizes=\"auto, (max-width: 960px) 100vw, 960px\" \/><span style=\"font-size: 1.8rem; margin: 14px 0 10px 0;\">Mi\u0119dzynarodowy Zjazd Absolwent\u00f3w PB<\/span><\/a><\/div>\n<\/div>\n<p>&nbsp;<\/p>\n","protected":false},"excerpt":{"rendered":"<p>AKTUALNO\u015aCI &nbsp; Pocz\u0105tek dzia\u0142alno\u015bci Prywatnej Wieczorowej Szko\u0142y In\u017cynierskiej NOT w&nbsp;Bia\u0142ymstoku Zmiana nazwy z Wieczorowej Szko\u0142y<\/p>\n","protected":false},"author":2,"featured_media":0,"parent":0,"menu_order":0,"comment_status":"closed","ping_status":"closed","template":"templates\/dzial.php","meta":{"_acf_changed":false,"ngg_post_thumbnail":0,"footnotes":""},"class_list":["post-10","page","type-page","status-publish","hentry"],"acf":[],"_links":{"self":[{"href":"https:\/\/pb.edu.pl\/7dekad\/wp-json\/wp\/v2\/pages\/10","targetHints":{"allow":["GET"]}}],"collection":[{"href":"https:\/\/pb.edu.pl\/7dekad\/wp-json\/wp\/v2\/pages"}],"about":[{"href":"https:\/\/pb.edu.pl\/7dekad\/wp-json\/wp\/v2\/types\/page"}],"author":[{"embeddable":true,"href":"https:\/\/pb.edu.pl\/7dekad\/wp-json\/wp\/v2\/users\/2"}],"replies":[{"embeddable":true,"href":"https:\/\/pb.edu.pl\/7dekad\/wp-json\/wp\/v2\/comments?post=10"}],"version-history":[{"count":0,"href":"https:\/\/pb.edu.pl\/7dekad\/wp-json\/wp\/v2\/pages\/10\/revisions"}],"wp:attachment":[{"href":"https:\/\/pb.edu.pl\/7dekad\/wp-json\/wp\/v2\/media?parent=10"}],"curies":[{"name":"wp","href":"https:\/\/api.w.org\/{rel}","templated":true}]}}